{"id":215,"date":"2024-06-21T13:53:41","date_gmt":"2024-06-21T11:53:41","guid":{"rendered":"https:\/\/assoact.fr\/?page_id=215"},"modified":"2024-06-21T13:53:42","modified_gmt":"2024-06-21T11:53:42","slug":"pole-jeux-2","status":"publish","type":"page","link":"https:\/\/assoact.fr\/?page_id=215","title":{"rendered":"P\u00f4le jeux"},"content":{"rendered":"\n<div class=\"wp-block-columns is-layout-flex wp-container-core-columns-is-layout-9d6595d7 wp-block-columns-is-layout-flex\">\n<div class=\"wp-block-column is-layout-flow wp-block-column-is-layout-flow\" style=\"flex-basis:25%\"><\/div>\n\n\n\n<div class=\"wp-block-column is-layout-flow wp-block-column-is-layout-flow\" style=\"flex-basis:50%\">\n<figure class=\"wp-block-image size-full\"><img fetchpriority=\"high\" decoding=\"async\" width=\"500\" height=\"500\" src=\"https:\/\/assoact.fr\/wp-content\/uploads\/2024\/06\/Pole-Jeux.png\" alt=\"\" class=\"wp-image-98\" srcset=\"https:\/\/assoact.fr\/wp-content\/uploads\/2024\/06\/Pole-Jeux.png 500w, https:\/\/assoact.fr\/wp-content\/uploads\/2024\/06\/Pole-Jeux-300x300.png 300w, https:\/\/assoact.fr\/wp-content\/uploads\/2024\/06\/Pole-Jeux-150x150.png 150w, https:\/\/assoact.fr\/wp-content\/uploads\/2024\/06\/Pole-Jeux-100x100.png 100w, https:\/\/assoact.fr\/wp-content\/uploads\/2024\/06\/Pole-Jeux-350x350.png 350w\" sizes=\"(max-width: 500px) 100vw, 500px\" \/><\/figure>\n<\/div>\n\n\n\n<div class=\"wp-block-column is-layout-flow wp-block-column-is-layout-flow\" style=\"flex-basis:25%\"><\/div>\n<\/div>\n\n\n\n<p>Plongez dans l\u2019univers ludique de l&rsquo;association <strong>ACT \u00e0 Corz\u00e9 49140<\/strong>. <\/p>\n\n\n\n<p>Venez partager des moments <strong>familiaux <\/strong>et <strong>conviviaux<\/strong> autour de <strong>jeux de soci\u00e9t\u00e9<\/strong> classiques et modernes. <\/p>\n\n\n\n<p>De la <strong>belote<\/strong> au <strong>Monopoly<\/strong>, en passant par le <strong>Scrabble<\/strong>, <strong>Risk<\/strong> et les <strong>jeux de r\u00f4le<\/strong>, nos soir\u00e9es et apr\u00e8s-midis jeux sont l\u2019occasion de se r\u00e9unir et de cr\u00e9er des souvenirs m\u00e9morables. <\/p>\n\n\n\n<p>Rejoignez-nous pour des parties <strong>endiabl\u00e9es<\/strong> et des \u00e9changes enrichissants, et d\u00e9couvrez le plaisir de jouer ensemble dans une ambiance <strong>chaleureuse <\/strong>et <strong>amicale<\/strong>.<\/p>\n\n\n\n<p><strong>Suivez l\u2019actualit\u00e9 du p\u00f4le jeux sur Facebook !\u00a0<\/strong><a href=\"https:\/\/www.facebook.com\/people\/ACT-LAtelier-des-Champs-tiers\/61560868874882\/\" target=\"_blank\" rel=\"noreferrer noopener\">ACT L\u2019Atelier des Champs tiers | Facebook<\/a><\/p>\n","protected":false},"excerpt":{"rendered":"<p>Plongez dans l\u2019univers ludique de l&rsquo;association ACT \u00e0 Corz\u00e9 49140. Venez partager des moments familiaux et conviviaux autour de jeux de soci\u00e9t\u00e9 classiques et modernes. De la belote au Monopoly, en passant par le Scrabble, Risk et les jeux de r\u00f4le, nos soir\u00e9es et apr\u00e8s-midis jeux sont l\u2019occasion de se [&hellip;]<\/p>\n","protected":false},"author":2,"featured_media":0,"parent":0,"menu_order":0,"comment_status":"closed","ping_status":"closed","template":"","meta":{"footnotes":""},"class_list":["post-215","page","type-page","status-publish","hentry"],"yoast_head":"<!-- This site is optimized with the Yoast SEO plugin v27.5 - https:\/\/yoast.com\/product\/yoast-seo-wordpress\/ -->\n<title>P\u00f4le jeux - ACT<\/title>\n<meta name=\"robots\" content=\"index, follow, max-snippet:-1, max-image-preview:large, max-video-preview:-1\" \/>\n<link rel=\"canonical\" href=\"https:\/\/assoact.fr\/?page_id=215\" \/>\n<meta property=\"og:locale\" content=\"fr_FR\" \/>\n<meta property=\"og:type\" content=\"article\" \/>\n<meta property=\"og:title\" content=\"P\u00f4le jeux - ACT\" \/>\n<meta property=\"og:description\" content=\"Plongez dans l\u2019univers ludique de l&rsquo;association ACT \u00e0 Corz\u00e9 49140. Venez partager des moments familiaux et conviviaux autour de jeux de soci\u00e9t\u00e9 classiques et modernes. De la belote au Monopoly, en passant par le Scrabble, Risk et les jeux de r\u00f4le, nos soir\u00e9es et apr\u00e8s-midis jeux sont l\u2019occasion de se [&hellip;]\" \/>\n<meta property=\"og:url\" content=\"https:\/\/assoact.fr\/?page_id=215\" \/>\n<meta property=\"og:site_name\" content=\"ACT\" \/>\n<meta property=\"article:modified_time\" content=\"2024-06-21T11:53:42+00:00\" \/>\n<meta property=\"og:image\" content=\"https:\/\/assoact.fr\/wp-content\/uploads\/2024\/06\/Pole-Jeux.png\" \/>\n<meta name=\"twitter:card\" content=\"summary_large_image\" \/>\n<meta name=\"twitter:label1\" content=\"Dur\u00e9e de lecture estim\u00e9e\" \/>\n\t<meta name=\"twitter:data1\" content=\"1 minute\" \/>\n<script type=\"application\/ld+json\" class=\"yoast-schema-graph\">{\"@context\":\"https:\\\/\\\/schema.org\",\"@graph\":[{\"@type\":\"WebPage\",\"@id\":\"https:\\\/\\\/assoact.fr\\\/?page_id=215\",\"url\":\"https:\\\/\\\/assoact.fr\\\/?page_id=215\",\"name\":\"P\u00f4le jeux - ACT\",\"isPartOf\":{\"@id\":\"https:\\\/\\\/assoact.fr\\\/#website\"},\"primaryImageOfPage\":{\"@id\":\"https:\\\/\\\/assoact.fr\\\/?page_id=215#primaryimage\"},\"image\":{\"@id\":\"https:\\\/\\\/assoact.fr\\\/?page_id=215#primaryimage\"},\"thumbnailUrl\":\"https:\\\/\\\/assoact.fr\\\/wp-content\\\/uploads\\\/2024\\\/06\\\/Pole-Jeux.png\",\"datePublished\":\"2024-06-21T11:53:41+00:00\",\"dateModified\":\"2024-06-21T11:53:42+00:00\",\"breadcrumb\":{\"@id\":\"https:\\\/\\\/assoact.fr\\\/?page_id=215#breadcrumb\"},\"inLanguage\":\"fr-FR\",\"potentialAction\":[{\"@type\":\"ReadAction\",\"target\":[\"https:\\\/\\\/assoact.fr\\\/?page_id=215\"]}]},{\"@type\":\"ImageObject\",\"inLanguage\":\"fr-FR\",\"@id\":\"https:\\\/\\\/assoact.fr\\\/?page_id=215#primaryimage\",\"url\":\"https:\\\/\\\/assoact.fr\\\/wp-content\\\/uploads\\\/2024\\\/06\\\/Pole-Jeux.png\",\"contentUrl\":\"https:\\\/\\\/assoact.fr\\\/wp-content\\\/uploads\\\/2024\\\/06\\\/Pole-Jeux.png\",\"width\":500,\"height\":500},{\"@type\":\"BreadcrumbList\",\"@id\":\"https:\\\/\\\/assoact.fr\\\/?page_id=215#breadcrumb\",\"itemListElement\":[{\"@type\":\"ListItem\",\"position\":1,\"name\":\"Accueil\",\"item\":\"https:\\\/\\\/assoact.fr\\\/\"},{\"@type\":\"ListItem\",\"position\":2,\"name\":\"P\u00f4le jeux\"}]},{\"@type\":\"WebSite\",\"@id\":\"https:\\\/\\\/assoact.fr\\\/#website\",\"url\":\"https:\\\/\\\/assoact.fr\\\/\",\"name\":\"ACT\",\"description\":\"Atelier des Champs Tiers\",\"publisher\":{\"@id\":\"https:\\\/\\\/assoact.fr\\\/#organization\"},\"potentialAction\":[{\"@type\":\"SearchAction\",\"target\":{\"@type\":\"EntryPoint\",\"urlTemplate\":\"https:\\\/\\\/assoact.fr\\\/?s={search_term_string}\"},\"query-input\":{\"@type\":\"PropertyValueSpecification\",\"valueRequired\":true,\"valueName\":\"search_term_string\"}}],\"inLanguage\":\"fr-FR\"},{\"@type\":\"Organization\",\"@id\":\"https:\\\/\\\/assoact.fr\\\/#organization\",\"name\":\"ACT\",\"url\":\"https:\\\/\\\/assoact.fr\\\/\",\"logo\":{\"@type\":\"ImageObject\",\"inLanguage\":\"fr-FR\",\"@id\":\"https:\\\/\\\/assoact.fr\\\/#\\\/schema\\\/logo\\\/image\\\/\",\"url\":\"https:\\\/\\\/assoact.fr\\\/wp-content\\\/uploads\\\/2024\\\/06\\\/14.png\",\"contentUrl\":\"https:\\\/\\\/assoact.fr\\\/wp-content\\\/uploads\\\/2024\\\/06\\\/14.png\",\"width\":500,\"height\":500,\"caption\":\"ACT\"},\"image\":{\"@id\":\"https:\\\/\\\/assoact.fr\\\/#\\\/schema\\\/logo\\\/image\\\/\"}}]}<\/script>\n<!-- \/ Yoast SEO plugin. -->","yoast_head_json":{"title":"P\u00f4le jeux - ACT","robots":{"index":"index","follow":"follow","max-snippet":"max-snippet:-1","max-image-preview":"max-image-preview:large","max-video-preview":"max-video-preview:-1"},"canonical":"https:\/\/assoact.fr\/?page_id=215","og_locale":"fr_FR","og_type":"article","og_title":"P\u00f4le jeux - ACT","og_description":"Plongez dans l\u2019univers ludique de l&rsquo;association ACT \u00e0 Corz\u00e9 49140. Venez partager des moments familiaux et conviviaux autour de jeux de soci\u00e9t\u00e9 classiques et modernes. De la belote au Monopoly, en passant par le Scrabble, Risk et les jeux de r\u00f4le, nos soir\u00e9es et apr\u00e8s-midis jeux sont l\u2019occasion de se [&hellip;]","og_url":"https:\/\/assoact.fr\/?page_id=215","og_site_name":"ACT","article_modified_time":"2024-06-21T11:53:42+00:00","og_image":[{"url":"https:\/\/assoact.fr\/wp-content\/uploads\/2024\/06\/Pole-Jeux.png","type":"","width":"","height":""}],"twitter_card":"summary_large_image","twitter_misc":{"Dur\u00e9e de lecture estim\u00e9e":"1 minute"},"schema":{"@context":"https:\/\/schema.org","@graph":[{"@type":"WebPage","@id":"https:\/\/assoact.fr\/?page_id=215","url":"https:\/\/assoact.fr\/?page_id=215","name":"P\u00f4le jeux - ACT","isPartOf":{"@id":"https:\/\/assoact.fr\/#website"},"primaryImageOfPage":{"@id":"https:\/\/assoact.fr\/?page_id=215#primaryimage"},"image":{"@id":"https:\/\/assoact.fr\/?page_id=215#primaryimage"},"thumbnailUrl":"https:\/\/assoact.fr\/wp-content\/uploads\/2024\/06\/Pole-Jeux.png","datePublished":"2024-06-21T11:53:41+00:00","dateModified":"2024-06-21T11:53:42+00:00","breadcrumb":{"@id":"https:\/\/assoact.fr\/?page_id=215#breadcrumb"},"inLanguage":"fr-FR","potentialAction":[{"@type":"ReadAction","target":["https:\/\/assoact.fr\/?page_id=215"]}]},{"@type":"ImageObject","inLanguage":"fr-FR","@id":"https:\/\/assoact.fr\/?page_id=215#primaryimage","url":"https:\/\/assoact.fr\/wp-content\/uploads\/2024\/06\/Pole-Jeux.png","contentUrl":"https:\/\/assoact.fr\/wp-content\/uploads\/2024\/06\/Pole-Jeux.png","width":500,"height":500},{"@type":"BreadcrumbList","@id":"https:\/\/assoact.fr\/?page_id=215#breadcrumb","itemListElement":[{"@type":"ListItem","position":1,"name":"Accueil","item":"https:\/\/assoact.fr\/"},{"@type":"ListItem","position":2,"name":"P\u00f4le jeux"}]},{"@type":"WebSite","@id":"https:\/\/assoact.fr\/#website","url":"https:\/\/assoact.fr\/","name":"ACT","description":"Atelier des Champs Tiers","publisher":{"@id":"https:\/\/assoact.fr\/#organization"},"potentialAction":[{"@type":"SearchAction","target":{"@type":"EntryPoint","urlTemplate":"https:\/\/assoact.fr\/?s={search_term_string}"},"query-input":{"@type":"PropertyValueSpecification","valueRequired":true,"valueName":"search_term_string"}}],"inLanguage":"fr-FR"},{"@type":"Organization","@id":"https:\/\/assoact.fr\/#organization","name":"ACT","url":"https:\/\/assoact.fr\/","logo":{"@type":"ImageObject","inLanguage":"fr-FR","@id":"https:\/\/assoact.fr\/#\/schema\/logo\/image\/","url":"https:\/\/assoact.fr\/wp-content\/uploads\/2024\/06\/14.png","contentUrl":"https:\/\/assoact.fr\/wp-content\/uploads\/2024\/06\/14.png","width":500,"height":500,"caption":"ACT"},"image":{"@id":"https:\/\/assoact.fr\/#\/schema\/logo\/image\/"}}]}},"_links":{"self":[{"href":"https:\/\/assoact.fr\/index.php?rest_route=\/wp\/v2\/pages\/215","targetHints":{"allow":["GET"]}}],"collection":[{"href":"https:\/\/assoact.fr\/index.php?rest_route=\/wp\/v2\/pages"}],"about":[{"href":"https:\/\/assoact.fr\/index.php?rest_route=\/wp\/v2\/types\/page"}],"author":[{"embeddable":true,"href":"https:\/\/assoact.fr\/index.php?rest_route=\/wp\/v2\/users\/2"}],"replies":[{"embeddable":true,"href":"https:\/\/assoact.fr\/index.php?rest_route=%2Fwp%2Fv2%2Fcomments&post=215"}],"version-history":[{"count":1,"href":"https:\/\/assoact.fr\/index.php?rest_route=\/wp\/v2\/pages\/215\/revisions"}],"predecessor-version":[{"id":217,"href":"https:\/\/assoact.fr\/index.php?rest_route=\/wp\/v2\/pages\/215\/revisions\/217"}],"wp:attachment":[{"href":"https:\/\/assoact.fr\/index.php?rest_route=%2Fwp%2Fv2%2Fmedia&parent=215"}],"curies":[{"name":"wp","href":"https:\/\/api.w.org\/{rel}","templated":true}]}}