{"id":211,"date":"2024-06-21T13:47:21","date_gmt":"2024-06-21T11:47:21","guid":{"rendered":"https:\/\/assoact.fr\/?page_id=211"},"modified":"2024-06-21T13:50:11","modified_gmt":"2024-06-21T11:50:11","slug":"pole-historique-2","status":"publish","type":"page","link":"https:\/\/assoact.fr\/?page_id=211","title":{"rendered":"P\u00f4le historique"},"content":{"rendered":"\n<div class=\"wp-block-columns is-layout-flex wp-container-core-columns-is-layout-9d6595d7 wp-block-columns-is-layout-flex\">\n<div class=\"wp-block-column is-layout-flow wp-block-column-is-layout-flow\" style=\"flex-basis:25%\"><\/div>\n\n\n\n<div class=\"wp-block-column is-layout-flow wp-block-column-is-layout-flow\" style=\"flex-basis:50%\">\n<figure class=\"wp-block-image size-full\"><img fetchpriority=\"high\" decoding=\"async\" width=\"500\" height=\"500\" src=\"https:\/\/assoact.fr\/wp-content\/uploads\/2024\/06\/pole-historique.png\" alt=\"\" class=\"wp-image-97\" srcset=\"https:\/\/assoact.fr\/wp-content\/uploads\/2024\/06\/pole-historique.png 500w, https:\/\/assoact.fr\/wp-content\/uploads\/2024\/06\/pole-historique-300x300.png 300w, https:\/\/assoact.fr\/wp-content\/uploads\/2024\/06\/pole-historique-150x150.png 150w, https:\/\/assoact.fr\/wp-content\/uploads\/2024\/06\/pole-historique-100x100.png 100w, https:\/\/assoact.fr\/wp-content\/uploads\/2024\/06\/pole-historique-350x350.png 350w\" sizes=\"(max-width: 500px) 100vw, 500px\" \/><\/figure>\n<\/div>\n\n\n\n<div class=\"wp-block-column is-layout-flow wp-block-column-is-layout-flow\" style=\"flex-basis:25%\"><\/div>\n<\/div>\n\n\n\n<p>Le <strong>p\u00f4le historique<\/strong> de l&rsquo;association <strong>ACT<\/strong> est d\u00e9di\u00e9 \u00e0 la valorisation du <strong>patrimoine de la Lardrie<\/strong>. <\/p>\n\n\n\n<p>Participez \u00e0 la <strong>restauration des b\u00e2timents anciens<\/strong>, \u00e0 la <strong>remise en \u00e9tat des outils de ferme d\u2019antan<\/strong> et plongez dans la <strong>recherche historique<\/strong> du lieu. <\/p>\n\n\n\n<p>Notre engagement est de pr\u00e9server et de faire revivre l&rsquo;<strong>histoire locale<\/strong> \u00e0 travers des projets concrets et \u00e9ducatifs. <\/p>\n\n\n\n<p>Parmi nos projets futurs, nous envisageons \u00e9galement la cr\u00e9ation d&rsquo;un <strong>mus\u00e9e<\/strong>. <\/p>\n\n\n\n<p>Rejoignez-nous pour d\u00e9couvrir et prot\u00e9ger notre riche h\u00e9ritage historique.<\/p>\n\n\n\n<p><strong>Suivez l\u2019actualit\u00e9 du p\u00f4le historique sur Facebook !\u00a0<\/strong><a href=\"https:\/\/www.facebook.com\/people\/ACT-LAtelier-des-Champs-tiers\/61560868874882\/\" target=\"_blank\" rel=\"noreferrer noopener\">ACT L\u2019Atelier des Champs tiers | Facebook<\/a><\/p>\n","protected":false},"excerpt":{"rendered":"<p>Le p\u00f4le historique de l&rsquo;association ACT est d\u00e9di\u00e9 \u00e0 la valorisation du patrimoine de la Lardrie. Participez \u00e0 la restauration des b\u00e2timents anciens, \u00e0 la remise en \u00e9tat des outils de ferme d\u2019antan et plongez dans la recherche historique du lieu. Notre engagement est de pr\u00e9server et de faire revivre [&hellip;]<\/p>\n","protected":false},"author":2,"featured_media":0,"parent":0,"menu_order":0,"comment_status":"closed","ping_status":"closed","template":"","meta":{"footnotes":""},"class_list":["post-211","page","type-page","status-publish","hentry"],"yoast_head":"<!-- This site is optimized with the Yoast SEO plugin v27.5 - https:\/\/yoast.com\/product\/yoast-seo-wordpress\/ -->\n<title>P\u00f4le historique - ACT<\/title>\n<meta name=\"robots\" content=\"index, follow, max-snippet:-1, max-image-preview:large, max-video-preview:-1\" \/>\n<link rel=\"canonical\" href=\"https:\/\/assoact.fr\/?page_id=211\" \/>\n<meta property=\"og:locale\" content=\"fr_FR\" \/>\n<meta property=\"og:type\" content=\"article\" \/>\n<meta property=\"og:title\" content=\"P\u00f4le historique - ACT\" \/>\n<meta property=\"og:description\" content=\"Le p\u00f4le historique de l&rsquo;association ACT est d\u00e9di\u00e9 \u00e0 la valorisation du patrimoine de la Lardrie. Participez \u00e0 la restauration des b\u00e2timents anciens, \u00e0 la remise en \u00e9tat des outils de ferme d\u2019antan et plongez dans la recherche historique du lieu. Notre engagement est de pr\u00e9server et de faire revivre [&hellip;]\" \/>\n<meta property=\"og:url\" content=\"https:\/\/assoact.fr\/?page_id=211\" \/>\n<meta property=\"og:site_name\" content=\"ACT\" \/>\n<meta property=\"article:modified_time\" content=\"2024-06-21T11:50:11+00:00\" \/>\n<meta property=\"og:image\" content=\"https:\/\/assoact.fr\/wp-content\/uploads\/2024\/06\/pole-historique.png\" \/>\n<meta name=\"twitter:card\" content=\"summary_large_image\" \/>\n<meta name=\"twitter:label1\" content=\"Dur\u00e9e de lecture estim\u00e9e\" \/>\n\t<meta name=\"twitter:data1\" content=\"1 minute\" \/>\n<script type=\"application\/ld+json\" class=\"yoast-schema-graph\">{\"@context\":\"https:\\\/\\\/schema.org\",\"@graph\":[{\"@type\":\"WebPage\",\"@id\":\"https:\\\/\\\/assoact.fr\\\/?page_id=211\",\"url\":\"https:\\\/\\\/assoact.fr\\\/?page_id=211\",\"name\":\"P\u00f4le historique - ACT\",\"isPartOf\":{\"@id\":\"https:\\\/\\\/assoact.fr\\\/#website\"},\"primaryImageOfPage\":{\"@id\":\"https:\\\/\\\/assoact.fr\\\/?page_id=211#primaryimage\"},\"image\":{\"@id\":\"https:\\\/\\\/assoact.fr\\\/?page_id=211#primaryimage\"},\"thumbnailUrl\":\"https:\\\/\\\/assoact.fr\\\/wp-content\\\/uploads\\\/2024\\\/06\\\/pole-historique.png\",\"datePublished\":\"2024-06-21T11:47:21+00:00\",\"dateModified\":\"2024-06-21T11:50:11+00:00\",\"breadcrumb\":{\"@id\":\"https:\\\/\\\/assoact.fr\\\/?page_id=211#breadcrumb\"},\"inLanguage\":\"fr-FR\",\"potentialAction\":[{\"@type\":\"ReadAction\",\"target\":[\"https:\\\/\\\/assoact.fr\\\/?page_id=211\"]}]},{\"@type\":\"ImageObject\",\"inLanguage\":\"fr-FR\",\"@id\":\"https:\\\/\\\/assoact.fr\\\/?page_id=211#primaryimage\",\"url\":\"https:\\\/\\\/assoact.fr\\\/wp-content\\\/uploads\\\/2024\\\/06\\\/pole-historique.png\",\"contentUrl\":\"https:\\\/\\\/assoact.fr\\\/wp-content\\\/uploads\\\/2024\\\/06\\\/pole-historique.png\",\"width\":500,\"height\":500},{\"@type\":\"BreadcrumbList\",\"@id\":\"https:\\\/\\\/assoact.fr\\\/?page_id=211#breadcrumb\",\"itemListElement\":[{\"@type\":\"ListItem\",\"position\":1,\"name\":\"Accueil\",\"item\":\"https:\\\/\\\/assoact.fr\\\/\"},{\"@type\":\"ListItem\",\"position\":2,\"name\":\"P\u00f4le historique\"}]},{\"@type\":\"WebSite\",\"@id\":\"https:\\\/\\\/assoact.fr\\\/#website\",\"url\":\"https:\\\/\\\/assoact.fr\\\/\",\"name\":\"ACT\",\"description\":\"Atelier des Champs Tiers\",\"publisher\":{\"@id\":\"https:\\\/\\\/assoact.fr\\\/#organization\"},\"potentialAction\":[{\"@type\":\"SearchAction\",\"target\":{\"@type\":\"EntryPoint\",\"urlTemplate\":\"https:\\\/\\\/assoact.fr\\\/?s={search_term_string}\"},\"query-input\":{\"@type\":\"PropertyValueSpecification\",\"valueRequired\":true,\"valueName\":\"search_term_string\"}}],\"inLanguage\":\"fr-FR\"},{\"@type\":\"Organization\",\"@id\":\"https:\\\/\\\/assoact.fr\\\/#organization\",\"name\":\"ACT\",\"url\":\"https:\\\/\\\/assoact.fr\\\/\",\"logo\":{\"@type\":\"ImageObject\",\"inLanguage\":\"fr-FR\",\"@id\":\"https:\\\/\\\/assoact.fr\\\/#\\\/schema\\\/logo\\\/image\\\/\",\"url\":\"https:\\\/\\\/assoact.fr\\\/wp-content\\\/uploads\\\/2024\\\/06\\\/14.png\",\"contentUrl\":\"https:\\\/\\\/assoact.fr\\\/wp-content\\\/uploads\\\/2024\\\/06\\\/14.png\",\"width\":500,\"height\":500,\"caption\":\"ACT\"},\"image\":{\"@id\":\"https:\\\/\\\/assoact.fr\\\/#\\\/schema\\\/logo\\\/image\\\/\"}}]}<\/script>\n<!-- \/ Yoast SEO plugin. -->","yoast_head_json":{"title":"P\u00f4le historique - ACT","robots":{"index":"index","follow":"follow","max-snippet":"max-snippet:-1","max-image-preview":"max-image-preview:large","max-video-preview":"max-video-preview:-1"},"canonical":"https:\/\/assoact.fr\/?page_id=211","og_locale":"fr_FR","og_type":"article","og_title":"P\u00f4le historique - ACT","og_description":"Le p\u00f4le historique de l&rsquo;association ACT est d\u00e9di\u00e9 \u00e0 la valorisation du patrimoine de la Lardrie. Participez \u00e0 la restauration des b\u00e2timents anciens, \u00e0 la remise en \u00e9tat des outils de ferme d\u2019antan et plongez dans la recherche historique du lieu. Notre engagement est de pr\u00e9server et de faire revivre [&hellip;]","og_url":"https:\/\/assoact.fr\/?page_id=211","og_site_name":"ACT","article_modified_time":"2024-06-21T11:50:11+00:00","og_image":[{"url":"https:\/\/assoact.fr\/wp-content\/uploads\/2024\/06\/pole-historique.png","type":"","width":"","height":""}],"twitter_card":"summary_large_image","twitter_misc":{"Dur\u00e9e de lecture estim\u00e9e":"1 minute"},"schema":{"@context":"https:\/\/schema.org","@graph":[{"@type":"WebPage","@id":"https:\/\/assoact.fr\/?page_id=211","url":"https:\/\/assoact.fr\/?page_id=211","name":"P\u00f4le historique - ACT","isPartOf":{"@id":"https:\/\/assoact.fr\/#website"},"primaryImageOfPage":{"@id":"https:\/\/assoact.fr\/?page_id=211#primaryimage"},"image":{"@id":"https:\/\/assoact.fr\/?page_id=211#primaryimage"},"thumbnailUrl":"https:\/\/assoact.fr\/wp-content\/uploads\/2024\/06\/pole-historique.png","datePublished":"2024-06-21T11:47:21+00:00","dateModified":"2024-06-21T11:50:11+00:00","breadcrumb":{"@id":"https:\/\/assoact.fr\/?page_id=211#breadcrumb"},"inLanguage":"fr-FR","potentialAction":[{"@type":"ReadAction","target":["https:\/\/assoact.fr\/?page_id=211"]}]},{"@type":"ImageObject","inLanguage":"fr-FR","@id":"https:\/\/assoact.fr\/?page_id=211#primaryimage","url":"https:\/\/assoact.fr\/wp-content\/uploads\/2024\/06\/pole-historique.png","contentUrl":"https:\/\/assoact.fr\/wp-content\/uploads\/2024\/06\/pole-historique.png","width":500,"height":500},{"@type":"BreadcrumbList","@id":"https:\/\/assoact.fr\/?page_id=211#breadcrumb","itemListElement":[{"@type":"ListItem","position":1,"name":"Accueil","item":"https:\/\/assoact.fr\/"},{"@type":"ListItem","position":2,"name":"P\u00f4le historique"}]},{"@type":"WebSite","@id":"https:\/\/assoact.fr\/#website","url":"https:\/\/assoact.fr\/","name":"ACT","description":"Atelier des Champs Tiers","publisher":{"@id":"https:\/\/assoact.fr\/#organization"},"potentialAction":[{"@type":"SearchAction","target":{"@type":"EntryPoint","urlTemplate":"https:\/\/assoact.fr\/?s={search_term_string}"},"query-input":{"@type":"PropertyValueSpecification","valueRequired":true,"valueName":"search_term_string"}}],"inLanguage":"fr-FR"},{"@type":"Organization","@id":"https:\/\/assoact.fr\/#organization","name":"ACT","url":"https:\/\/assoact.fr\/","logo":{"@type":"ImageObject","inLanguage":"fr-FR","@id":"https:\/\/assoact.fr\/#\/schema\/logo\/image\/","url":"https:\/\/assoact.fr\/wp-content\/uploads\/2024\/06\/14.png","contentUrl":"https:\/\/assoact.fr\/wp-content\/uploads\/2024\/06\/14.png","width":500,"height":500,"caption":"ACT"},"image":{"@id":"https:\/\/assoact.fr\/#\/schema\/logo\/image\/"}}]}},"_links":{"self":[{"href":"https:\/\/assoact.fr\/index.php?rest_route=\/wp\/v2\/pages\/211","targetHints":{"allow":["GET"]}}],"collection":[{"href":"https:\/\/assoact.fr\/index.php?rest_route=\/wp\/v2\/pages"}],"about":[{"href":"https:\/\/assoact.fr\/index.php?rest_route=\/wp\/v2\/types\/page"}],"author":[{"embeddable":true,"href":"https:\/\/assoact.fr\/index.php?rest_route=\/wp\/v2\/users\/2"}],"replies":[{"embeddable":true,"href":"https:\/\/assoact.fr\/index.php?rest_route=%2Fwp%2Fv2%2Fcomments&post=211"}],"version-history":[{"count":2,"href":"https:\/\/assoact.fr\/index.php?rest_route=\/wp\/v2\/pages\/211\/revisions"}],"predecessor-version":[{"id":216,"href":"https:\/\/assoact.fr\/index.php?rest_route=\/wp\/v2\/pages\/211\/revisions\/216"}],"wp:attachment":[{"href":"https:\/\/assoact.fr\/index.php?rest_route=%2Fwp%2Fv2%2Fmedia&parent=211"}],"curies":[{"name":"wp","href":"https:\/\/api.w.org\/{rel}","templated":true}]}}