{"id":170,"date":"2024-06-21T12:49:51","date_gmt":"2024-06-21T10:49:51","guid":{"rendered":"https:\/\/assoact.fr\/?page_id=170"},"modified":"2024-06-21T13:45:33","modified_gmt":"2024-06-21T11:45:33","slug":"pole-foret-2","status":"publish","type":"page","link":"https:\/\/assoact.fr\/?page_id=170","title":{"rendered":"P\u00f4le for\u00eat"},"content":{"rendered":"\n<div class=\"wp-block-columns is-layout-flex wp-container-core-columns-is-layout-9d6595d7 wp-block-columns-is-layout-flex\">\n<div class=\"wp-block-column is-layout-flow wp-block-column-is-layout-flow\" style=\"flex-basis:25%\"><\/div>\n\n\n\n<div class=\"wp-block-column is-layout-flow wp-block-column-is-layout-flow\" style=\"flex-basis:50%\">\n<figure class=\"wp-block-image size-full\"><img fetchpriority=\"high\" decoding=\"async\" width=\"500\" height=\"500\" src=\"https:\/\/assoact.fr\/wp-content\/uploads\/2024\/06\/Pole-foret.png\" alt=\"\" class=\"wp-image-96\" srcset=\"https:\/\/assoact.fr\/wp-content\/uploads\/2024\/06\/Pole-foret.png 500w, https:\/\/assoact.fr\/wp-content\/uploads\/2024\/06\/Pole-foret-300x300.png 300w, https:\/\/assoact.fr\/wp-content\/uploads\/2024\/06\/Pole-foret-150x150.png 150w, https:\/\/assoact.fr\/wp-content\/uploads\/2024\/06\/Pole-foret-100x100.png 100w, https:\/\/assoact.fr\/wp-content\/uploads\/2024\/06\/Pole-foret-350x350.png 350w\" sizes=\"(max-width: 500px) 100vw, 500px\" \/><\/figure>\n<\/div>\n\n\n\n<div class=\"wp-block-column is-layout-flow wp-block-column-is-layout-flow\" style=\"flex-basis:25%\"><\/div>\n<\/div>\n\n\n\n<p>Le <strong>p\u00f4le for\u00eat<\/strong> de l&rsquo;association <strong>ACT<\/strong> vous invite \u00e0 explorer et \u00e0 participer \u00e0 la <strong>gestion durable<\/strong> de nos espaces bois\u00e9s.<\/p>\n\n\n\n<p>D\u00e9couvrez l&rsquo;<strong>inventaire de la biodiversit\u00e9<\/strong>, contribuez \u00e0 la <strong>multiplication des plantes<\/strong>, exp\u00e9rimentez la <strong>culture de bonsa\u00efs<\/strong> et prenez part \u00e0 la <strong>production de bois de chauffage<\/strong>. <\/p>\n\n\n\n<p>Notre mission est de valoriser et pr\u00e9server le <strong>patrimoine naturel de la Lardrie<\/strong> tout en partageant notre passion pour la <strong>foresterie<\/strong>. <\/p>\n\n\n\n<p>Rejoignez-nous pour prot\u00e9ger notre environnement, enrichir vos connaissances et participer activement \u00e0 la pr\u00e9servation de notre \u00e9cosyst\u00e8me local<\/p>\n\n\n\n<p><strong>Suivez l&rsquo;actualit\u00e9 du p\u00f4le for\u00eat sur Facebook ! <\/strong><a href=\"https:\/\/www.facebook.com\/people\/ACT-LAtelier-des-Champs-tiers\/61560868874882\/\" target=\"_blank\" rel=\"noreferrer noopener\">ACT L&rsquo;Atelier des Champs tiers | Facebook<\/a><\/p>\n","protected":false},"excerpt":{"rendered":"<p>Le p\u00f4le for\u00eat de l&rsquo;association ACT vous invite \u00e0 explorer et \u00e0 participer \u00e0 la gestion durable de nos espaces bois\u00e9s. D\u00e9couvrez l&rsquo;inventaire de la biodiversit\u00e9, contribuez \u00e0 la multiplication des plantes, exp\u00e9rimentez la culture de bonsa\u00efs et prenez part \u00e0 la production de bois de chauffage. Notre mission est [&hellip;]<\/p>\n","protected":false},"author":2,"featured_media":0,"parent":0,"menu_order":0,"comment_status":"closed","ping_status":"closed","template":"","meta":{"footnotes":""},"class_list":["post-170","page","type-page","status-publish","hentry"],"yoast_head":"<!-- This site is optimized with the Yoast SEO plugin v27.5 - https:\/\/yoast.com\/product\/yoast-seo-wordpress\/ -->\n<title>P\u00f4le for\u00eat - ACT<\/title>\n<meta name=\"robots\" content=\"index, follow, max-snippet:-1, max-image-preview:large, max-video-preview:-1\" \/>\n<link rel=\"canonical\" href=\"https:\/\/assoact.fr\/?page_id=170\" \/>\n<meta property=\"og:locale\" content=\"fr_FR\" \/>\n<meta property=\"og:type\" content=\"article\" \/>\n<meta property=\"og:title\" content=\"P\u00f4le for\u00eat - ACT\" \/>\n<meta property=\"og:description\" content=\"Le p\u00f4le for\u00eat de l&rsquo;association ACT vous invite \u00e0 explorer et \u00e0 participer \u00e0 la gestion durable de nos espaces bois\u00e9s. D\u00e9couvrez l&rsquo;inventaire de la biodiversit\u00e9, contribuez \u00e0 la multiplication des plantes, exp\u00e9rimentez la culture de bonsa\u00efs et prenez part \u00e0 la production de bois de chauffage. Notre mission est [&hellip;]\" \/>\n<meta property=\"og:url\" content=\"https:\/\/assoact.fr\/?page_id=170\" \/>\n<meta property=\"og:site_name\" content=\"ACT\" \/>\n<meta property=\"article:modified_time\" content=\"2024-06-21T11:45:33+00:00\" \/>\n<meta property=\"og:image\" content=\"https:\/\/assoact.fr\/wp-content\/uploads\/2024\/06\/Pole-foret.png\" \/>\n<meta name=\"twitter:card\" content=\"summary_large_image\" \/>\n<meta name=\"twitter:label1\" content=\"Dur\u00e9e de lecture estim\u00e9e\" \/>\n\t<meta name=\"twitter:data1\" content=\"1 minute\" \/>\n<script type=\"application\/ld+json\" class=\"yoast-schema-graph\">{\"@context\":\"https:\\\/\\\/schema.org\",\"@graph\":[{\"@type\":\"WebPage\",\"@id\":\"https:\\\/\\\/assoact.fr\\\/?page_id=170\",\"url\":\"https:\\\/\\\/assoact.fr\\\/?page_id=170\",\"name\":\"P\u00f4le for\u00eat - ACT\",\"isPartOf\":{\"@id\":\"https:\\\/\\\/assoact.fr\\\/#website\"},\"primaryImageOfPage\":{\"@id\":\"https:\\\/\\\/assoact.fr\\\/?page_id=170#primaryimage\"},\"image\":{\"@id\":\"https:\\\/\\\/assoact.fr\\\/?page_id=170#primaryimage\"},\"thumbnailUrl\":\"https:\\\/\\\/assoact.fr\\\/wp-content\\\/uploads\\\/2024\\\/06\\\/Pole-foret.png\",\"datePublished\":\"2024-06-21T10:49:51+00:00\",\"dateModified\":\"2024-06-21T11:45:33+00:00\",\"breadcrumb\":{\"@id\":\"https:\\\/\\\/assoact.fr\\\/?page_id=170#breadcrumb\"},\"inLanguage\":\"fr-FR\",\"potentialAction\":[{\"@type\":\"ReadAction\",\"target\":[\"https:\\\/\\\/assoact.fr\\\/?page_id=170\"]}]},{\"@type\":\"ImageObject\",\"inLanguage\":\"fr-FR\",\"@id\":\"https:\\\/\\\/assoact.fr\\\/?page_id=170#primaryimage\",\"url\":\"https:\\\/\\\/assoact.fr\\\/wp-content\\\/uploads\\\/2024\\\/06\\\/Pole-foret.png\",\"contentUrl\":\"https:\\\/\\\/assoact.fr\\\/wp-content\\\/uploads\\\/2024\\\/06\\\/Pole-foret.png\",\"width\":500,\"height\":500},{\"@type\":\"BreadcrumbList\",\"@id\":\"https:\\\/\\\/assoact.fr\\\/?page_id=170#breadcrumb\",\"itemListElement\":[{\"@type\":\"ListItem\",\"position\":1,\"name\":\"Accueil\",\"item\":\"https:\\\/\\\/assoact.fr\\\/\"},{\"@type\":\"ListItem\",\"position\":2,\"name\":\"P\u00f4le for\u00eat\"}]},{\"@type\":\"WebSite\",\"@id\":\"https:\\\/\\\/assoact.fr\\\/#website\",\"url\":\"https:\\\/\\\/assoact.fr\\\/\",\"name\":\"ACT\",\"description\":\"Atelier des Champs Tiers\",\"publisher\":{\"@id\":\"https:\\\/\\\/assoact.fr\\\/#organization\"},\"potentialAction\":[{\"@type\":\"SearchAction\",\"target\":{\"@type\":\"EntryPoint\",\"urlTemplate\":\"https:\\\/\\\/assoact.fr\\\/?s={search_term_string}\"},\"query-input\":{\"@type\":\"PropertyValueSpecification\",\"valueRequired\":true,\"valueName\":\"search_term_string\"}}],\"inLanguage\":\"fr-FR\"},{\"@type\":\"Organization\",\"@id\":\"https:\\\/\\\/assoact.fr\\\/#organization\",\"name\":\"ACT\",\"url\":\"https:\\\/\\\/assoact.fr\\\/\",\"logo\":{\"@type\":\"ImageObject\",\"inLanguage\":\"fr-FR\",\"@id\":\"https:\\\/\\\/assoact.fr\\\/#\\\/schema\\\/logo\\\/image\\\/\",\"url\":\"https:\\\/\\\/assoact.fr\\\/wp-content\\\/uploads\\\/2024\\\/06\\\/14.png\",\"contentUrl\":\"https:\\\/\\\/assoact.fr\\\/wp-content\\\/uploads\\\/2024\\\/06\\\/14.png\",\"width\":500,\"height\":500,\"caption\":\"ACT\"},\"image\":{\"@id\":\"https:\\\/\\\/assoact.fr\\\/#\\\/schema\\\/logo\\\/image\\\/\"}}]}<\/script>\n<!-- \/ Yoast SEO plugin. -->","yoast_head_json":{"title":"P\u00f4le for\u00eat - ACT","robots":{"index":"index","follow":"follow","max-snippet":"max-snippet:-1","max-image-preview":"max-image-preview:large","max-video-preview":"max-video-preview:-1"},"canonical":"https:\/\/assoact.fr\/?page_id=170","og_locale":"fr_FR","og_type":"article","og_title":"P\u00f4le for\u00eat - ACT","og_description":"Le p\u00f4le for\u00eat de l&rsquo;association ACT vous invite \u00e0 explorer et \u00e0 participer \u00e0 la gestion durable de nos espaces bois\u00e9s. D\u00e9couvrez l&rsquo;inventaire de la biodiversit\u00e9, contribuez \u00e0 la multiplication des plantes, exp\u00e9rimentez la culture de bonsa\u00efs et prenez part \u00e0 la production de bois de chauffage. Notre mission est [&hellip;]","og_url":"https:\/\/assoact.fr\/?page_id=170","og_site_name":"ACT","article_modified_time":"2024-06-21T11:45:33+00:00","og_image":[{"url":"https:\/\/assoact.fr\/wp-content\/uploads\/2024\/06\/Pole-foret.png","type":"","width":"","height":""}],"twitter_card":"summary_large_image","twitter_misc":{"Dur\u00e9e de lecture estim\u00e9e":"1 minute"},"schema":{"@context":"https:\/\/schema.org","@graph":[{"@type":"WebPage","@id":"https:\/\/assoact.fr\/?page_id=170","url":"https:\/\/assoact.fr\/?page_id=170","name":"P\u00f4le for\u00eat - ACT","isPartOf":{"@id":"https:\/\/assoact.fr\/#website"},"primaryImageOfPage":{"@id":"https:\/\/assoact.fr\/?page_id=170#primaryimage"},"image":{"@id":"https:\/\/assoact.fr\/?page_id=170#primaryimage"},"thumbnailUrl":"https:\/\/assoact.fr\/wp-content\/uploads\/2024\/06\/Pole-foret.png","datePublished":"2024-06-21T10:49:51+00:00","dateModified":"2024-06-21T11:45:33+00:00","breadcrumb":{"@id":"https:\/\/assoact.fr\/?page_id=170#breadcrumb"},"inLanguage":"fr-FR","potentialAction":[{"@type":"ReadAction","target":["https:\/\/assoact.fr\/?page_id=170"]}]},{"@type":"ImageObject","inLanguage":"fr-FR","@id":"https:\/\/assoact.fr\/?page_id=170#primaryimage","url":"https:\/\/assoact.fr\/wp-content\/uploads\/2024\/06\/Pole-foret.png","contentUrl":"https:\/\/assoact.fr\/wp-content\/uploads\/2024\/06\/Pole-foret.png","width":500,"height":500},{"@type":"BreadcrumbList","@id":"https:\/\/assoact.fr\/?page_id=170#breadcrumb","itemListElement":[{"@type":"ListItem","position":1,"name":"Accueil","item":"https:\/\/assoact.fr\/"},{"@type":"ListItem","position":2,"name":"P\u00f4le for\u00eat"}]},{"@type":"WebSite","@id":"https:\/\/assoact.fr\/#website","url":"https:\/\/assoact.fr\/","name":"ACT","description":"Atelier des Champs Tiers","publisher":{"@id":"https:\/\/assoact.fr\/#organization"},"potentialAction":[{"@type":"SearchAction","target":{"@type":"EntryPoint","urlTemplate":"https:\/\/assoact.fr\/?s={search_term_string}"},"query-input":{"@type":"PropertyValueSpecification","valueRequired":true,"valueName":"search_term_string"}}],"inLanguage":"fr-FR"},{"@type":"Organization","@id":"https:\/\/assoact.fr\/#organization","name":"ACT","url":"https:\/\/assoact.fr\/","logo":{"@type":"ImageObject","inLanguage":"fr-FR","@id":"https:\/\/assoact.fr\/#\/schema\/logo\/image\/","url":"https:\/\/assoact.fr\/wp-content\/uploads\/2024\/06\/14.png","contentUrl":"https:\/\/assoact.fr\/wp-content\/uploads\/2024\/06\/14.png","width":500,"height":500,"caption":"ACT"},"image":{"@id":"https:\/\/assoact.fr\/#\/schema\/logo\/image\/"}}]}},"_links":{"self":[{"href":"https:\/\/assoact.fr\/index.php?rest_route=\/wp\/v2\/pages\/170","targetHints":{"allow":["GET"]}}],"collection":[{"href":"https:\/\/assoact.fr\/index.php?rest_route=\/wp\/v2\/pages"}],"about":[{"href":"https:\/\/assoact.fr\/index.php?rest_route=\/wp\/v2\/types\/page"}],"author":[{"embeddable":true,"href":"https:\/\/assoact.fr\/index.php?rest_route=\/wp\/v2\/users\/2"}],"replies":[{"embeddable":true,"href":"https:\/\/assoact.fr\/index.php?rest_route=%2Fwp%2Fv2%2Fcomments&post=170"}],"version-history":[{"count":3,"href":"https:\/\/assoact.fr\/index.php?rest_route=\/wp\/v2\/pages\/170\/revisions"}],"predecessor-version":[{"id":212,"href":"https:\/\/assoact.fr\/index.php?rest_route=\/wp\/v2\/pages\/170\/revisions\/212"}],"wp:attachment":[{"href":"https:\/\/assoact.fr\/index.php?rest_route=%2Fwp%2Fv2%2Fmedia&parent=170"}],"curies":[{"name":"wp","href":"https:\/\/api.w.org\/{rel}","templated":true}]}}