{"id":136,"date":"2024-06-21T12:21:28","date_gmt":"2024-06-21T10:21:28","guid":{"rendered":"https:\/\/assoact.fr\/?page_id=136"},"modified":"2024-08-01T14:04:02","modified_gmt":"2024-08-01T12:04:02","slug":"les-pole-et-les-projets","status":"publish","type":"page","link":"https:\/\/assoact.fr\/?page_id=136","title":{"rendered":"Les p\u00f4les et les projets"},"content":{"rendered":"\n<h2 class=\"wp-block-heading\">Les P\u00f4les <\/h2>\n\n\n\n<p>L\u2019organisation ACT repose sur une structure innovante et efficace, organis\u00e9e en diff\u00e9rents p\u00f4les. Chaque p\u00f4le est con\u00e7u comme une entit\u00e9 autonome avec son propre budget et ses propres projets. <\/p>\n\n\n\n<p>Cette structure permet \u00e0 chaque p\u00f4le de se concentrer sur des domaines sp\u00e9cifiques, tels que l\u2019agriculture, la for\u00eat, le patrimoine, l\u2019art, le num\u00e9rique et l\u2019\u00e9v\u00e9nementiel&#8230;<\/p>\n\n\n\n<p>Chaque p\u00f4le est responsable de la mise en place d\u2019actions concr\u00e8tes et de la gestion de sa vitalit\u00e9 financi\u00e8re. Cela implique la mise en place de projets non d\u00e9ficitaires, la recherche de financements et la gestion efficace des ressources. Tout en b\u00e9n\u00e9ficiant d\u2019une certaine autonomie, chaque p\u00f4le est \u00e9galement soumis \u00e0 une contribution de fonctionnement et \u00e0 la supervision du comit\u00e9 coll\u00e9gial. <\/p>\n\n\n\n<p>Cette organisation par p\u00f4les permet \u00e0 ACT de tirer le meilleur parti de ses ressources et de ses comp\u00e9tences, tout en favorisant une gestion efficace et durable<\/p>\n\n\n<div class=\"wp-block-image\">\n<figure class=\"aligncenter size-full\"><img fetchpriority=\"high\" decoding=\"async\" width=\"851\" height=\"315\" src=\"https:\/\/assoact.fr\/wp-content\/uploads\/2024\/06\/2.png\" alt=\"\" class=\"wp-image-165\" srcset=\"https:\/\/assoact.fr\/wp-content\/uploads\/2024\/06\/2.png 851w, https:\/\/assoact.fr\/wp-content\/uploads\/2024\/06\/2-300x111.png 300w, https:\/\/assoact.fr\/wp-content\/uploads\/2024\/06\/2-768x284.png 768w\" sizes=\"(max-width: 851px) 100vw, 851px\" \/><\/figure>\n<\/div>\n\n\n<h2 class=\"wp-block-heading has-text-align-center\">Bient\u00f4t ici le calendrier des P\u00f4les.<\/h2>\n\n\n\n<div class=\"wp-block-buttons is-content-justification-center is-layout-flex wp-container-core-buttons-is-layout-16018d1d wp-block-buttons-is-layout-flex\">\n<div class=\"wp-block-button is-style-fill\"><a class=\"wp-block-button__link has-accent-background-color has-background wp-element-button\" href=\"https:\/\/www.helloasso.com\/associations\/la-lardrie\/adhesions\/adhesion-annuel\" target=\"_blank\" rel=\"noreferrer noopener\">D\u00e9couvrez nos adh\u00e9sions<\/a><\/div>\n<\/div>\n\n\n\n<figure class=\"wp-block-gallery has-nested-images columns-default is-cropped wp-block-gallery-1 is-layout-flex wp-block-gallery-is-layout-flex\">\n<figure class=\"wp-block-image size-large\"><a href=\"https:\/\/assoact.fr\/?page_id=177\"><img decoding=\"async\" width=\"500\" height=\"500\" data-id=\"99\" src=\"https:\/\/assoact.fr\/wp-content\/uploads\/2024\/06\/pole-numerique.png\" alt=\"\" class=\"wp-image-99\" srcset=\"https:\/\/assoact.fr\/wp-content\/uploads\/2024\/06\/pole-numerique.png 500w, https:\/\/assoact.fr\/wp-content\/uploads\/2024\/06\/pole-numerique-300x300.png 300w, https:\/\/assoact.fr\/wp-content\/uploads\/2024\/06\/pole-numerique-150x150.png 150w, https:\/\/assoact.fr\/wp-content\/uploads\/2024\/06\/pole-numerique-100x100.png 100w, https:\/\/assoact.fr\/wp-content\/uploads\/2024\/06\/pole-numerique-350x350.png 350w\" sizes=\"(max-width: 500px) 100vw, 500px\" \/><\/a><\/figure>\n\n\n\n<figure class=\"wp-block-image size-large\"><a href=\"https:\/\/assoact.fr\/?cat=3\"><img decoding=\"async\" width=\"500\" height=\"500\" data-id=\"93\" src=\"https:\/\/assoact.fr\/wp-content\/uploads\/2024\/06\/Pole-agricole-2.png\" alt=\"\" class=\"wp-image-93\" srcset=\"https:\/\/assoact.fr\/wp-content\/uploads\/2024\/06\/Pole-agricole-2.png 500w, https:\/\/assoact.fr\/wp-content\/uploads\/2024\/06\/Pole-agricole-2-300x300.png 300w, https:\/\/assoact.fr\/wp-content\/uploads\/2024\/06\/Pole-agricole-2-150x150.png 150w, https:\/\/assoact.fr\/wp-content\/uploads\/2024\/06\/Pole-agricole-2-100x100.png 100w, https:\/\/assoact.fr\/wp-content\/uploads\/2024\/06\/Pole-agricole-2-350x350.png 350w\" sizes=\"(max-width: 500px) 100vw, 500px\" \/><\/a><\/figure>\n\n\n\n<figure class=\"wp-block-image size-large\"><a href=\"https:\/\/assoact.fr\/?page_id=67\"><img loading=\"lazy\" decoding=\"async\" width=\"500\" height=\"500\" data-id=\"94\" src=\"https:\/\/assoact.fr\/wp-content\/uploads\/2024\/06\/Pole-artistique-1.png\" alt=\"\" class=\"wp-image-94\" srcset=\"https:\/\/assoact.fr\/wp-content\/uploads\/2024\/06\/Pole-artistique-1.png 500w, https:\/\/assoact.fr\/wp-content\/uploads\/2024\/06\/Pole-artistique-1-300x300.png 300w, https:\/\/assoact.fr\/wp-content\/uploads\/2024\/06\/Pole-artistique-1-150x150.png 150w, https:\/\/assoact.fr\/wp-content\/uploads\/2024\/06\/Pole-artistique-1-100x100.png 100w, https:\/\/assoact.fr\/wp-content\/uploads\/2024\/06\/Pole-artistique-1-350x350.png 350w\" sizes=\"(max-width: 500px) 100vw, 500px\" \/><\/a><\/figure>\n\n\n\n<figure class=\"wp-block-image size-large\"><a href=\"https:\/\/assoact.fr\/?cat=5\"><img loading=\"lazy\" decoding=\"async\" width=\"500\" height=\"500\" data-id=\"96\" src=\"https:\/\/assoact.fr\/wp-content\/uploads\/2024\/06\/Pole-foret.png\" alt=\"\" class=\"wp-image-96\" srcset=\"https:\/\/assoact.fr\/wp-content\/uploads\/2024\/06\/Pole-foret.png 500w, https:\/\/assoact.fr\/wp-content\/uploads\/2024\/06\/Pole-foret-300x300.png 300w, https:\/\/assoact.fr\/wp-content\/uploads\/2024\/06\/Pole-foret-150x150.png 150w, https:\/\/assoact.fr\/wp-content\/uploads\/2024\/06\/Pole-foret-100x100.png 100w, https:\/\/assoact.fr\/wp-content\/uploads\/2024\/06\/Pole-foret-350x350.png 350w\" sizes=\"(max-width: 500px) 100vw, 500px\" \/><\/a><\/figure>\n\n\n\n<figure class=\"wp-block-image size-large\"><a href=\"https:\/\/assoact.fr\/?page_id=215\"><img loading=\"lazy\" decoding=\"async\" width=\"500\" height=\"500\" data-id=\"98\" src=\"https:\/\/assoact.fr\/wp-content\/uploads\/2024\/06\/Pole-Jeux.png\" alt=\"\" class=\"wp-image-98\" srcset=\"https:\/\/assoact.fr\/wp-content\/uploads\/2024\/06\/Pole-Jeux.png 500w, https:\/\/assoact.fr\/wp-content\/uploads\/2024\/06\/Pole-Jeux-300x300.png 300w, https:\/\/assoact.fr\/wp-content\/uploads\/2024\/06\/Pole-Jeux-150x150.png 150w, https:\/\/assoact.fr\/wp-content\/uploads\/2024\/06\/Pole-Jeux-100x100.png 100w, https:\/\/assoact.fr\/wp-content\/uploads\/2024\/06\/Pole-Jeux-350x350.png 350w\" sizes=\"(max-width: 500px) 100vw, 500px\" \/><\/a><\/figure>\n\n\n\n<figure class=\"wp-block-image size-large\"><a href=\"https:\/\/assoact.fr\/?cat=4\"><img loading=\"lazy\" decoding=\"async\" width=\"500\" height=\"500\" data-id=\"101\" src=\"https:\/\/assoact.fr\/wp-content\/uploads\/2024\/06\/pole-sport-1.png\" alt=\"\" class=\"wp-image-101\" srcset=\"https:\/\/assoact.fr\/wp-content\/uploads\/2024\/06\/pole-sport-1.png 500w, https:\/\/assoact.fr\/wp-content\/uploads\/2024\/06\/pole-sport-1-300x300.png 300w, https:\/\/assoact.fr\/wp-content\/uploads\/2024\/06\/pole-sport-1-150x150.png 150w, https:\/\/assoact.fr\/wp-content\/uploads\/2024\/06\/pole-sport-1-100x100.png 100w, https:\/\/assoact.fr\/wp-content\/uploads\/2024\/06\/pole-sport-1-350x350.png 350w\" sizes=\"(max-width: 500px) 100vw, 500px\" \/><\/a><\/figure>\n\n\n\n<figure class=\"wp-block-image size-large\"><a href=\"https:\/\/assoact.fr\/?page_id=200\"><img loading=\"lazy\" decoding=\"async\" width=\"500\" height=\"500\" data-id=\"95\" src=\"https:\/\/assoact.fr\/wp-content\/uploads\/2024\/06\/pole-atelier.png\" alt=\"\" class=\"wp-image-95\" srcset=\"https:\/\/assoact.fr\/wp-content\/uploads\/2024\/06\/pole-atelier.png 500w, https:\/\/assoact.fr\/wp-content\/uploads\/2024\/06\/pole-atelier-300x300.png 300w, https:\/\/assoact.fr\/wp-content\/uploads\/2024\/06\/pole-atelier-150x150.png 150w, https:\/\/assoact.fr\/wp-content\/uploads\/2024\/06\/pole-atelier-100x100.png 100w, https:\/\/assoact.fr\/wp-content\/uploads\/2024\/06\/pole-atelier-350x350.png 350w\" sizes=\"(max-width: 500px) 100vw, 500px\" \/><\/a><\/figure>\n\n\n\n<figure class=\"wp-block-image size-large\"><a href=\"https:\/\/assoact.fr\/?cat=8\"><img loading=\"lazy\" decoding=\"async\" width=\"500\" height=\"500\" data-id=\"100\" src=\"https:\/\/assoact.fr\/wp-content\/uploads\/2024\/06\/pole-peche-2.png\" alt=\"\" class=\"wp-image-100\" srcset=\"https:\/\/assoact.fr\/wp-content\/uploads\/2024\/06\/pole-peche-2.png 500w, https:\/\/assoact.fr\/wp-content\/uploads\/2024\/06\/pole-peche-2-300x300.png 300w, https:\/\/assoact.fr\/wp-content\/uploads\/2024\/06\/pole-peche-2-150x150.png 150w, https:\/\/assoact.fr\/wp-content\/uploads\/2024\/06\/pole-peche-2-100x100.png 100w, https:\/\/assoact.fr\/wp-content\/uploads\/2024\/06\/pole-peche-2-350x350.png 350w\" sizes=\"(max-width: 500px) 100vw, 500px\" \/><\/a><\/figure>\n\n\n\n<figure class=\"wp-block-image size-large\"><a href=\"https:\/\/assoact.fr\/?cat=9\"><img loading=\"lazy\" decoding=\"async\" width=\"500\" height=\"500\" data-id=\"91\" src=\"https:\/\/assoact.fr\/wp-content\/uploads\/2024\/06\/15.png\" alt=\"\" class=\"wp-image-91\" srcset=\"https:\/\/assoact.fr\/wp-content\/uploads\/2024\/06\/15.png 500w, https:\/\/assoact.fr\/wp-content\/uploads\/2024\/06\/15-300x300.png 300w, https:\/\/assoact.fr\/wp-content\/uploads\/2024\/06\/15-150x150.png 150w, https:\/\/assoact.fr\/wp-content\/uploads\/2024\/06\/15-100x100.png 100w, https:\/\/assoact.fr\/wp-content\/uploads\/2024\/06\/15-350x350.png 350w\" sizes=\"(max-width: 500px) 100vw, 500px\" \/><\/a><\/figure>\n<\/figure>\n\n\n\n<p><\/p>\n\n\n\n<p><\/p>\n\n\n\n<p>Une id\u00e9e de P\u00f4le ? proposer votre projet.<\/p>\n\n\n\n<p><\/p>\n","protected":false},"excerpt":{"rendered":"<p>Les P\u00f4les L\u2019organisation ACT repose sur une structure innovante et efficace, organis\u00e9e en diff\u00e9rents p\u00f4les. Chaque p\u00f4le est con\u00e7u comme une entit\u00e9 autonome avec son propre budget et ses propres projets. Cette structure permet \u00e0 chaque p\u00f4le de se concentrer sur des domaines sp\u00e9cifiques, tels que l\u2019agriculture, la for\u00eat, le [&hellip;]<\/p>\n","protected":false},"author":3,"featured_media":0,"parent":0,"menu_order":0,"comment_status":"closed","ping_status":"closed","template":"","meta":{"footnotes":""},"class_list":["post-136","page","type-page","status-publish","hentry"],"yoast_head":"<!-- This site is optimized with the Yoast SEO plugin v27.5 - https:\/\/yoast.com\/product\/yoast-seo-wordpress\/ -->\n<title>Les p\u00f4les et les projets - ACT<\/title>\n<meta name=\"robots\" content=\"index, follow, max-snippet:-1, max-image-preview:large, max-video-preview:-1\" \/>\n<link rel=\"canonical\" href=\"https:\/\/assoact.fr\/?page_id=136\" \/>\n<meta property=\"og:locale\" content=\"fr_FR\" \/>\n<meta property=\"og:type\" content=\"article\" \/>\n<meta property=\"og:title\" content=\"Les p\u00f4les et les projets - ACT\" \/>\n<meta property=\"og:description\" content=\"Les P\u00f4les L\u2019organisation ACT repose sur une structure innovante et efficace, organis\u00e9e en diff\u00e9rents p\u00f4les. Chaque p\u00f4le est con\u00e7u comme une entit\u00e9 autonome avec son propre budget et ses propres projets. Cette structure permet \u00e0 chaque p\u00f4le de se concentrer sur des domaines sp\u00e9cifiques, tels que l\u2019agriculture, la for\u00eat, le [&hellip;]\" \/>\n<meta property=\"og:url\" content=\"https:\/\/assoact.fr\/?page_id=136\" \/>\n<meta property=\"og:site_name\" content=\"ACT\" \/>\n<meta property=\"article:modified_time\" content=\"2024-08-01T12:04:02+00:00\" \/>\n<meta property=\"og:image\" content=\"https:\/\/assoact.fr\/wp-content\/uploads\/2024\/06\/2.png\" \/>\n<meta name=\"twitter:card\" content=\"summary_large_image\" \/>\n<meta name=\"twitter:label1\" content=\"Dur\u00e9e de lecture estim\u00e9e\" \/>\n\t<meta name=\"twitter:data1\" content=\"3 minutes\" \/>\n<script type=\"application\/ld+json\" class=\"yoast-schema-graph\">{\"@context\":\"https:\\\/\\\/schema.org\",\"@graph\":[{\"@type\":\"WebPage\",\"@id\":\"https:\\\/\\\/assoact.fr\\\/?page_id=136\",\"url\":\"https:\\\/\\\/assoact.fr\\\/?page_id=136\",\"name\":\"Les p\u00f4les et les projets - ACT\",\"isPartOf\":{\"@id\":\"https:\\\/\\\/assoact.fr\\\/#website\"},\"primaryImageOfPage\":{\"@id\":\"https:\\\/\\\/assoact.fr\\\/?page_id=136#primaryimage\"},\"image\":{\"@id\":\"https:\\\/\\\/assoact.fr\\\/?page_id=136#primaryimage\"},\"thumbnailUrl\":\"https:\\\/\\\/assoact.fr\\\/wp-content\\\/uploads\\\/2024\\\/06\\\/2.png\",\"datePublished\":\"2024-06-21T10:21:28+00:00\",\"dateModified\":\"2024-08-01T12:04:02+00:00\",\"breadcrumb\":{\"@id\":\"https:\\\/\\\/assoact.fr\\\/?page_id=136#breadcrumb\"},\"inLanguage\":\"fr-FR\",\"potentialAction\":[{\"@type\":\"ReadAction\",\"target\":[\"https:\\\/\\\/assoact.fr\\\/?page_id=136\"]}]},{\"@type\":\"ImageObject\",\"inLanguage\":\"fr-FR\",\"@id\":\"https:\\\/\\\/assoact.fr\\\/?page_id=136#primaryimage\",\"url\":\"https:\\\/\\\/assoact.fr\\\/wp-content\\\/uploads\\\/2024\\\/06\\\/2.png\",\"contentUrl\":\"https:\\\/\\\/assoact.fr\\\/wp-content\\\/uploads\\\/2024\\\/06\\\/2.png\",\"width\":851,\"height\":315},{\"@type\":\"BreadcrumbList\",\"@id\":\"https:\\\/\\\/assoact.fr\\\/?page_id=136#breadcrumb\",\"itemListElement\":[{\"@type\":\"ListItem\",\"position\":1,\"name\":\"Accueil\",\"item\":\"https:\\\/\\\/assoact.fr\\\/\"},{\"@type\":\"ListItem\",\"position\":2,\"name\":\"Les p\u00f4les et les projets\"}]},{\"@type\":\"WebSite\",\"@id\":\"https:\\\/\\\/assoact.fr\\\/#website\",\"url\":\"https:\\\/\\\/assoact.fr\\\/\",\"name\":\"ACT\",\"description\":\"Atelier des Champs Tiers\",\"publisher\":{\"@id\":\"https:\\\/\\\/assoact.fr\\\/#organization\"},\"potentialAction\":[{\"@type\":\"SearchAction\",\"target\":{\"@type\":\"EntryPoint\",\"urlTemplate\":\"https:\\\/\\\/assoact.fr\\\/?s={search_term_string}\"},\"query-input\":{\"@type\":\"PropertyValueSpecification\",\"valueRequired\":true,\"valueName\":\"search_term_string\"}}],\"inLanguage\":\"fr-FR\"},{\"@type\":\"Organization\",\"@id\":\"https:\\\/\\\/assoact.fr\\\/#organization\",\"name\":\"ACT\",\"url\":\"https:\\\/\\\/assoact.fr\\\/\",\"logo\":{\"@type\":\"ImageObject\",\"inLanguage\":\"fr-FR\",\"@id\":\"https:\\\/\\\/assoact.fr\\\/#\\\/schema\\\/logo\\\/image\\\/\",\"url\":\"https:\\\/\\\/assoact.fr\\\/wp-content\\\/uploads\\\/2024\\\/06\\\/14.png\",\"contentUrl\":\"https:\\\/\\\/assoact.fr\\\/wp-content\\\/uploads\\\/2024\\\/06\\\/14.png\",\"width\":500,\"height\":500,\"caption\":\"ACT\"},\"image\":{\"@id\":\"https:\\\/\\\/assoact.fr\\\/#\\\/schema\\\/logo\\\/image\\\/\"}}]}<\/script>\n<!-- \/ Yoast SEO plugin. -->","yoast_head_json":{"title":"Les p\u00f4les et les projets - ACT","robots":{"index":"index","follow":"follow","max-snippet":"max-snippet:-1","max-image-preview":"max-image-preview:large","max-video-preview":"max-video-preview:-1"},"canonical":"https:\/\/assoact.fr\/?page_id=136","og_locale":"fr_FR","og_type":"article","og_title":"Les p\u00f4les et les projets - ACT","og_description":"Les P\u00f4les L\u2019organisation ACT repose sur une structure innovante et efficace, organis\u00e9e en diff\u00e9rents p\u00f4les. Chaque p\u00f4le est con\u00e7u comme une entit\u00e9 autonome avec son propre budget et ses propres projets. Cette structure permet \u00e0 chaque p\u00f4le de se concentrer sur des domaines sp\u00e9cifiques, tels que l\u2019agriculture, la for\u00eat, le [&hellip;]","og_url":"https:\/\/assoact.fr\/?page_id=136","og_site_name":"ACT","article_modified_time":"2024-08-01T12:04:02+00:00","og_image":[{"url":"https:\/\/assoact.fr\/wp-content\/uploads\/2024\/06\/2.png","type":"","width":"","height":""}],"twitter_card":"summary_large_image","twitter_misc":{"Dur\u00e9e de lecture estim\u00e9e":"3 minutes"},"schema":{"@context":"https:\/\/schema.org","@graph":[{"@type":"WebPage","@id":"https:\/\/assoact.fr\/?page_id=136","url":"https:\/\/assoact.fr\/?page_id=136","name":"Les p\u00f4les et les projets - ACT","isPartOf":{"@id":"https:\/\/assoact.fr\/#website"},"primaryImageOfPage":{"@id":"https:\/\/assoact.fr\/?page_id=136#primaryimage"},"image":{"@id":"https:\/\/assoact.fr\/?page_id=136#primaryimage"},"thumbnailUrl":"https:\/\/assoact.fr\/wp-content\/uploads\/2024\/06\/2.png","datePublished":"2024-06-21T10:21:28+00:00","dateModified":"2024-08-01T12:04:02+00:00","breadcrumb":{"@id":"https:\/\/assoact.fr\/?page_id=136#breadcrumb"},"inLanguage":"fr-FR","potentialAction":[{"@type":"ReadAction","target":["https:\/\/assoact.fr\/?page_id=136"]}]},{"@type":"ImageObject","inLanguage":"fr-FR","@id":"https:\/\/assoact.fr\/?page_id=136#primaryimage","url":"https:\/\/assoact.fr\/wp-content\/uploads\/2024\/06\/2.png","contentUrl":"https:\/\/assoact.fr\/wp-content\/uploads\/2024\/06\/2.png","width":851,"height":315},{"@type":"BreadcrumbList","@id":"https:\/\/assoact.fr\/?page_id=136#breadcrumb","itemListElement":[{"@type":"ListItem","position":1,"name":"Accueil","item":"https:\/\/assoact.fr\/"},{"@type":"ListItem","position":2,"name":"Les p\u00f4les et les projets"}]},{"@type":"WebSite","@id":"https:\/\/assoact.fr\/#website","url":"https:\/\/assoact.fr\/","name":"ACT","description":"Atelier des Champs Tiers","publisher":{"@id":"https:\/\/assoact.fr\/#organization"},"potentialAction":[{"@type":"SearchAction","target":{"@type":"EntryPoint","urlTemplate":"https:\/\/assoact.fr\/?s={search_term_string}"},"query-input":{"@type":"PropertyValueSpecification","valueRequired":true,"valueName":"search_term_string"}}],"inLanguage":"fr-FR"},{"@type":"Organization","@id":"https:\/\/assoact.fr\/#organization","name":"ACT","url":"https:\/\/assoact.fr\/","logo":{"@type":"ImageObject","inLanguage":"fr-FR","@id":"https:\/\/assoact.fr\/#\/schema\/logo\/image\/","url":"https:\/\/assoact.fr\/wp-content\/uploads\/2024\/06\/14.png","contentUrl":"https:\/\/assoact.fr\/wp-content\/uploads\/2024\/06\/14.png","width":500,"height":500,"caption":"ACT"},"image":{"@id":"https:\/\/assoact.fr\/#\/schema\/logo\/image\/"}}]}},"_links":{"self":[{"href":"https:\/\/assoact.fr\/index.php?rest_route=\/wp\/v2\/pages\/136","targetHints":{"allow":["GET"]}}],"collection":[{"href":"https:\/\/assoact.fr\/index.php?rest_route=\/wp\/v2\/pages"}],"about":[{"href":"https:\/\/assoact.fr\/index.php?rest_route=\/wp\/v2\/types\/page"}],"author":[{"embeddable":true,"href":"https:\/\/assoact.fr\/index.php?rest_route=\/wp\/v2\/users\/3"}],"replies":[{"embeddable":true,"href":"https:\/\/assoact.fr\/index.php?rest_route=%2Fwp%2Fv2%2Fcomments&post=136"}],"version-history":[{"count":10,"href":"https:\/\/assoact.fr\/index.php?rest_route=\/wp\/v2\/pages\/136\/revisions"}],"predecessor-version":[{"id":293,"href":"https:\/\/assoact.fr\/index.php?rest_route=\/wp\/v2\/pages\/136\/revisions\/293"}],"wp:attachment":[{"href":"https:\/\/assoact.fr\/index.php?rest_route=%2Fwp%2Fv2%2Fmedia&parent=136"}],"curies":[{"name":"wp","href":"https:\/\/api.w.org\/{rel}","templated":true}]}}