{"id":104,"date":"2024-06-21T10:46:40","date_gmt":"2024-06-21T08:46:40","guid":{"rendered":"http:\/\/assoact.fr\/?page_id=104"},"modified":"2025-12-13T11:18:33","modified_gmt":"2025-12-13T10:18:33","slug":"lassociation-act","status":"publish","type":"page","link":"https:\/\/assoact.fr\/","title":{"rendered":"L&rsquo;association ACT"},"content":{"rendered":"\n<h1 class=\"wp-block-heading\">Qui sommes-nous ?<\/h1>\n\n\n\n<h2 class=\"wp-block-heading\">Pr\u00e9sentation<\/h2>\n\n\n\n<p>Bienvenue \u00e0 l\u2019<strong>Atelier des Champs Tiers<\/strong>&nbsp;(ACT), une association dynamique et engag\u00e9e, anciennement connue sous le nom de La Lardrie. Fond\u00e9e en vertu de la loi du 1er juillet 1901 et du d\u00e9cret du 16 ao\u00fbt 1901, notre association est un espace de collaboration et d\u2019innovation.<\/p>\n\n\n\n<h2 class=\"wp-block-heading\">Notre mission<\/h2>\n\n\n\n<p>Notre objectif est de favoriser la participation active de nos membres \u00e0 divers projets et activit\u00e9s au sein de la communaut\u00e9 du lieu-dit la Lardrie, et de promouvoir l\u2019engagement citoyen. Nous croyons en la force de la communaut\u00e9 et en la capacit\u00e9 de chacun \u00e0 faire une diff\u00e9rence.<\/p>\n\n\n<div class=\"wp-block-image\">\n<figure class=\"aligncenter size-large\"><img fetchpriority=\"high\" decoding=\"async\" width=\"1024\" height=\"606\" src=\"https:\/\/assoact.fr\/wp-content\/uploads\/2024\/06\/vu-du-cien-la-lardrie-2-1024x606.png\" alt=\"\" class=\"wp-image-128\" srcset=\"https:\/\/assoact.fr\/wp-content\/uploads\/2024\/06\/vu-du-cien-la-lardrie-2-1024x606.png 1024w, https:\/\/assoact.fr\/wp-content\/uploads\/2024\/06\/vu-du-cien-la-lardrie-2-300x178.png 300w, https:\/\/assoact.fr\/wp-content\/uploads\/2024\/06\/vu-du-cien-la-lardrie-2-768x454.png 768w, https:\/\/assoact.fr\/wp-content\/uploads\/2024\/06\/vu-du-cien-la-lardrie-2.png 1521w\" sizes=\"(max-width: 1024px) 100vw, 1024px\" \/><\/figure>\n<\/div>\n\n\n<h2 class=\"wp-block-heading\">Comment nous fonctionnons<\/h2>\n\n\n\n<h3 class=\"wp-block-heading\">Adh\u00e9sion<\/h3>\n\n\n\n<p>L\u2019adh\u00e9sion \u00e0 l\u2019association se fait par cooptation d\u2019un membre. Nous avons trois types d\u2019adh\u00e9sion : les membres fondateurs, les adh\u00e9rents annuels et les adh\u00e9rents ponctuels. Chaque type d\u2019adh\u00e9sion offre des opportunit\u00e9s uniques de participation et d\u2019engagement dans nos projets.<\/p>\n\n\n\n<h3 class=\"wp-block-heading\">Conseil d\u2019administration coll\u00e9gial<\/h3>\n\n\n\n<p>Nous fonctionnons sur le principe d\u2019un conseil d\u2019administration coll\u00e9gial[<sup>4.1<\/sup>]. Nos adh\u00e9rents peuvent avoir diff\u00e9rents statuts au sein de l\u2019association, y compris membre du conseil coll\u00e9gial, responsable de p\u00f4le et porteur de projet[<sup>4.1<\/sup>].<\/p>\n\n\n\n<h3 class=\"wp-block-heading\">Assembl\u00e9e g\u00e9n\u00e9rale<\/h3>\n\n\n\n<p>L&rsquo;association \u00e0 \u00e9t\u00e9 cr\u00e9er en 2024. La mise en place des diff\u00e9rents projets est en cours et nous pr\u00e9parons l&rsquo;ann\u00e9e 2025.<\/p>\n\n\n\n<p>Nous tiendrons une assembl\u00e9e g\u00e9n\u00e9rale annuelle pour pr\u00e9senter le bilan des projets pass\u00e9s et futurs[<sup>4.2<\/sup>]. C\u2019est l\u2019occasion pour tous les membres de l\u2019association de s\u2019informer, de participer et de contribuer \u00e0 la direction de l\u2019association.<\/p>\n\n\n\n<h2 class=\"wp-block-heading\">Nos ressources financi\u00e8res<\/h2>\n\n\n\n<p>L\u2019association est financ\u00e9e par les cotisations de ses membres, les recettes g\u00e9n\u00e9r\u00e9es par les diff\u00e9rents projets, ainsi que nous l&rsquo;esp\u00e9rons par des financements publics et priv\u00e9s, des subventions et des dons[<sup>4.3<\/sup>]. L&rsquo;objectif est avant tous de pouvoir r\u00e9aliser des projets.<\/p>\n\n\n\n<p>Voici notre boutique sur hello asso : <a href=\"https:\/\/www.helloasso.com\/associations\/l-atelier-des-champs-tiers\" target=\"_blank\" rel=\"noreferrer noopener\">https:\/\/www.helloasso.com\/associations\/l-atelier-des-champs-tiers<\/a><\/p>\n\n\n\n<h2 class=\"wp-block-heading\">Rejoignez-nous !<\/h2>\n\n\n\n<p>Si vous \u00eates passionn\u00e9 par la participation communautaire et l\u2019engagement citoyen, nous vous invitons \u00e0 nous rejoindre. Que vous souhaitiez devenir membre, proposer un projet ou simplement participer \u00e0 une activit\u00e9, il y a une place pour vous \u00e0 l\u2019Atelier des Champs Tiers. Ensemble, nous pouvons faire une diff\u00e9rence.<\/p>\n\n\n\n<div class=\"wp-block-buttons is-content-justification-center is-layout-flex wp-container-core-buttons-is-layout-16018d1d wp-block-buttons-is-layout-flex\">\n<div class=\"wp-block-button\"><a class=\"wp-block-button__link has-accent-background-color has-background wp-element-button\" href=\"https:\/\/www.helloasso.com\/associations\/l-atelier-des-champs-tiers\/adhesions\/adhesion-annuel\">Prenez votre adh\u00e9sion<\/a><\/div>\n<\/div>\n\n\n\n<p>: Article 1 : D\u00e9nomination : Article 2 : Objet : Article 3 : Composition [<sup>4.1<\/sup>]: Article 4.1 : Conseil d\u2019administration coll\u00e9gial [<sup>4.2<\/sup>]: Article 4.2 : Assembl\u00e9e G\u00e9n\u00e9rale [<sup>4.3<\/sup>]: Article 4.3 : Ressources Financi\u00e8res : Article 5 : Responsabilit\u00e9 L\u00e9gale : Article 6 : Rapports et Audits<\/p>\n","protected":false},"excerpt":{"rendered":"<p>Qui sommes-nous ? Pr\u00e9sentation Bienvenue \u00e0 l\u2019Atelier des Champs Tiers&nbsp;(ACT), une association dynamique et engag\u00e9e, anciennement connue sous le nom de La Lardrie. Fond\u00e9e en vertu de la loi du 1er juillet 1901 et du d\u00e9cret du 16 ao\u00fbt 1901, notre association est un espace de collaboration et d\u2019innovation. Notre [&hellip;]<\/p>\n","protected":false},"author":3,"featured_media":64,"parent":0,"menu_order":0,"comment_status":"closed","ping_status":"closed","template":"","meta":{"footnotes":""},"class_list":["post-104","page","type-page","status-publish","has-post-thumbnail","hentry"],"yoast_head":"<!-- This site is optimized with the Yoast SEO plugin v27.5 - https:\/\/yoast.com\/product\/yoast-seo-wordpress\/ -->\n<title>L&#039;association ACT - ACT<\/title>\n<meta name=\"robots\" content=\"index, follow, max-snippet:-1, max-image-preview:large, max-video-preview:-1\" \/>\n<link rel=\"canonical\" href=\"https:\/\/assoact.fr\/\" \/>\n<meta property=\"og:locale\" content=\"fr_FR\" \/>\n<meta property=\"og:type\" content=\"article\" \/>\n<meta property=\"og:title\" content=\"L&#039;association ACT - ACT\" \/>\n<meta property=\"og:description\" content=\"Qui sommes-nous ? Pr\u00e9sentation Bienvenue \u00e0 l\u2019Atelier des Champs Tiers&nbsp;(ACT), une association dynamique et engag\u00e9e, anciennement connue sous le nom de La Lardrie. Fond\u00e9e en vertu de la loi du 1er juillet 1901 et du d\u00e9cret du 16 ao\u00fbt 1901, notre association est un espace de collaboration et d\u2019innovation. Notre [&hellip;]\" \/>\n<meta property=\"og:url\" content=\"https:\/\/assoact.fr\/\" \/>\n<meta property=\"og:site_name\" content=\"ACT\" \/>\n<meta property=\"article:modified_time\" content=\"2025-12-13T10:18:33+00:00\" \/>\n<meta property=\"og:image\" content=\"https:\/\/assoact.fr\/wp-content\/uploads\/2024\/06\/14.png\" \/>\n\t<meta property=\"og:image:width\" content=\"500\" \/>\n\t<meta property=\"og:image:height\" content=\"500\" \/>\n\t<meta property=\"og:image:type\" content=\"image\/png\" \/>\n<meta name=\"twitter:card\" content=\"summary_large_image\" \/>\n<meta name=\"twitter:label1\" content=\"Dur\u00e9e de lecture estim\u00e9e\" \/>\n\t<meta name=\"twitter:data1\" content=\"3 minutes\" \/>\n<script type=\"application\/ld+json\" class=\"yoast-schema-graph\">{\"@context\":\"https:\\\/\\\/schema.org\",\"@graph\":[{\"@type\":\"WebPage\",\"@id\":\"https:\\\/\\\/assoact.fr\\\/\",\"url\":\"https:\\\/\\\/assoact.fr\\\/\",\"name\":\"L'association ACT - ACT\",\"isPartOf\":{\"@id\":\"https:\\\/\\\/assoact.fr\\\/#website\"},\"primaryImageOfPage\":{\"@id\":\"https:\\\/\\\/assoact.fr\\\/#primaryimage\"},\"image\":{\"@id\":\"https:\\\/\\\/assoact.fr\\\/#primaryimage\"},\"thumbnailUrl\":\"https:\\\/\\\/assoact.fr\\\/wp-content\\\/uploads\\\/2024\\\/06\\\/14.png\",\"datePublished\":\"2024-06-21T08:46:40+00:00\",\"dateModified\":\"2025-12-13T10:18:33+00:00\",\"breadcrumb\":{\"@id\":\"https:\\\/\\\/assoact.fr\\\/#breadcrumb\"},\"inLanguage\":\"fr-FR\",\"potentialAction\":[{\"@type\":\"ReadAction\",\"target\":[\"https:\\\/\\\/assoact.fr\\\/\"]}]},{\"@type\":\"ImageObject\",\"inLanguage\":\"fr-FR\",\"@id\":\"https:\\\/\\\/assoact.fr\\\/#primaryimage\",\"url\":\"https:\\\/\\\/assoact.fr\\\/wp-content\\\/uploads\\\/2024\\\/06\\\/14.png\",\"contentUrl\":\"https:\\\/\\\/assoact.fr\\\/wp-content\\\/uploads\\\/2024\\\/06\\\/14.png\",\"width\":500,\"height\":500},{\"@type\":\"BreadcrumbList\",\"@id\":\"https:\\\/\\\/assoact.fr\\\/#breadcrumb\",\"itemListElement\":[{\"@type\":\"ListItem\",\"position\":1,\"name\":\"Accueil\",\"item\":\"https:\\\/\\\/assoact.fr\\\/\"},{\"@type\":\"ListItem\",\"position\":2,\"name\":\"L&rsquo;association ACT\"}]},{\"@type\":\"WebSite\",\"@id\":\"https:\\\/\\\/assoact.fr\\\/#website\",\"url\":\"https:\\\/\\\/assoact.fr\\\/\",\"name\":\"ACT\",\"description\":\"Atelier des Champs Tiers\",\"publisher\":{\"@id\":\"https:\\\/\\\/assoact.fr\\\/#organization\"},\"potentialAction\":[{\"@type\":\"SearchAction\",\"target\":{\"@type\":\"EntryPoint\",\"urlTemplate\":\"https:\\\/\\\/assoact.fr\\\/?s={search_term_string}\"},\"query-input\":{\"@type\":\"PropertyValueSpecification\",\"valueRequired\":true,\"valueName\":\"search_term_string\"}}],\"inLanguage\":\"fr-FR\"},{\"@type\":\"Organization\",\"@id\":\"https:\\\/\\\/assoact.fr\\\/#organization\",\"name\":\"ACT\",\"url\":\"https:\\\/\\\/assoact.fr\\\/\",\"logo\":{\"@type\":\"ImageObject\",\"inLanguage\":\"fr-FR\",\"@id\":\"https:\\\/\\\/assoact.fr\\\/#\\\/schema\\\/logo\\\/image\\\/\",\"url\":\"https:\\\/\\\/assoact.fr\\\/wp-content\\\/uploads\\\/2024\\\/06\\\/14.png\",\"contentUrl\":\"https:\\\/\\\/assoact.fr\\\/wp-content\\\/uploads\\\/2024\\\/06\\\/14.png\",\"width\":500,\"height\":500,\"caption\":\"ACT\"},\"image\":{\"@id\":\"https:\\\/\\\/assoact.fr\\\/#\\\/schema\\\/logo\\\/image\\\/\"}}]}<\/script>\n<!-- \/ Yoast SEO plugin. -->","yoast_head_json":{"title":"L'association ACT - ACT","robots":{"index":"index","follow":"follow","max-snippet":"max-snippet:-1","max-image-preview":"max-image-preview:large","max-video-preview":"max-video-preview:-1"},"canonical":"https:\/\/assoact.fr\/","og_locale":"fr_FR","og_type":"article","og_title":"L'association ACT - ACT","og_description":"Qui sommes-nous ? Pr\u00e9sentation Bienvenue \u00e0 l\u2019Atelier des Champs Tiers&nbsp;(ACT), une association dynamique et engag\u00e9e, anciennement connue sous le nom de La Lardrie. Fond\u00e9e en vertu de la loi du 1er juillet 1901 et du d\u00e9cret du 16 ao\u00fbt 1901, notre association est un espace de collaboration et d\u2019innovation. Notre [&hellip;]","og_url":"https:\/\/assoact.fr\/","og_site_name":"ACT","article_modified_time":"2025-12-13T10:18:33+00:00","og_image":[{"width":500,"height":500,"url":"https:\/\/assoact.fr\/wp-content\/uploads\/2024\/06\/14.png","type":"image\/png"}],"twitter_card":"summary_large_image","twitter_misc":{"Dur\u00e9e de lecture estim\u00e9e":"3 minutes"},"schema":{"@context":"https:\/\/schema.org","@graph":[{"@type":"WebPage","@id":"https:\/\/assoact.fr\/","url":"https:\/\/assoact.fr\/","name":"L'association ACT - ACT","isPartOf":{"@id":"https:\/\/assoact.fr\/#website"},"primaryImageOfPage":{"@id":"https:\/\/assoact.fr\/#primaryimage"},"image":{"@id":"https:\/\/assoact.fr\/#primaryimage"},"thumbnailUrl":"https:\/\/assoact.fr\/wp-content\/uploads\/2024\/06\/14.png","datePublished":"2024-06-21T08:46:40+00:00","dateModified":"2025-12-13T10:18:33+00:00","breadcrumb":{"@id":"https:\/\/assoact.fr\/#breadcrumb"},"inLanguage":"fr-FR","potentialAction":[{"@type":"ReadAction","target":["https:\/\/assoact.fr\/"]}]},{"@type":"ImageObject","inLanguage":"fr-FR","@id":"https:\/\/assoact.fr\/#primaryimage","url":"https:\/\/assoact.fr\/wp-content\/uploads\/2024\/06\/14.png","contentUrl":"https:\/\/assoact.fr\/wp-content\/uploads\/2024\/06\/14.png","width":500,"height":500},{"@type":"BreadcrumbList","@id":"https:\/\/assoact.fr\/#breadcrumb","itemListElement":[{"@type":"ListItem","position":1,"name":"Accueil","item":"https:\/\/assoact.fr\/"},{"@type":"ListItem","position":2,"name":"L&rsquo;association ACT"}]},{"@type":"WebSite","@id":"https:\/\/assoact.fr\/#website","url":"https:\/\/assoact.fr\/","name":"ACT","description":"Atelier des Champs Tiers","publisher":{"@id":"https:\/\/assoact.fr\/#organization"},"potentialAction":[{"@type":"SearchAction","target":{"@type":"EntryPoint","urlTemplate":"https:\/\/assoact.fr\/?s={search_term_string}"},"query-input":{"@type":"PropertyValueSpecification","valueRequired":true,"valueName":"search_term_string"}}],"inLanguage":"fr-FR"},{"@type":"Organization","@id":"https:\/\/assoact.fr\/#organization","name":"ACT","url":"https:\/\/assoact.fr\/","logo":{"@type":"ImageObject","inLanguage":"fr-FR","@id":"https:\/\/assoact.fr\/#\/schema\/logo\/image\/","url":"https:\/\/assoact.fr\/wp-content\/uploads\/2024\/06\/14.png","contentUrl":"https:\/\/assoact.fr\/wp-content\/uploads\/2024\/06\/14.png","width":500,"height":500,"caption":"ACT"},"image":{"@id":"https:\/\/assoact.fr\/#\/schema\/logo\/image\/"}}]}},"_links":{"self":[{"href":"https:\/\/assoact.fr\/index.php?rest_route=\/wp\/v2\/pages\/104","targetHints":{"allow":["GET"]}}],"collection":[{"href":"https:\/\/assoact.fr\/index.php?rest_route=\/wp\/v2\/pages"}],"about":[{"href":"https:\/\/assoact.fr\/index.php?rest_route=\/wp\/v2\/types\/page"}],"author":[{"embeddable":true,"href":"https:\/\/assoact.fr\/index.php?rest_route=\/wp\/v2\/users\/3"}],"replies":[{"embeddable":true,"href":"https:\/\/assoact.fr\/index.php?rest_route=%2Fwp%2Fv2%2Fcomments&post=104"}],"version-history":[{"count":4,"href":"https:\/\/assoact.fr\/index.php?rest_route=\/wp\/v2\/pages\/104\/revisions"}],"predecessor-version":[{"id":539,"href":"https:\/\/assoact.fr\/index.php?rest_route=\/wp\/v2\/pages\/104\/revisions\/539"}],"wp:featuredmedia":[{"embeddable":true,"href":"https:\/\/assoact.fr\/index.php?rest_route=\/wp\/v2\/media\/64"}],"wp:attachment":[{"href":"https:\/\/assoact.fr\/index.php?rest_route=%2Fwp%2Fv2%2Fmedia&parent=104"}],"curies":[{"name":"wp","href":"https:\/\/api.w.org\/{rel}","templated":true}]}}